{"id":1695,"date":"2017-05-17T18:21:38","date_gmt":"2017-05-17T17:21:38","guid":{"rendered":"http:\/\/www.nereadediego.com\/?page_id=1695"},"modified":"2021-04-01T19:01:47","modified_gmt":"2021-04-01T18:01:47","slug":"enlaces","status":"publish","type":"page","link":"https:\/\/www.nereadediego.com\/en\/enlaces\/","title":{"rendered":"Links"},"content":{"rendered":"<p><span style=\"color: #000000;\"> Collective<\/span> <a title=\"lacomunidad\" href=\"http:\/\/bylacomunidad.wordpress.com\/\" target=\"_blank\" rel=\"noopener noreferrer\">La Comunidad<\/a><\/p>\n<div>\n<p><span style=\"color: #000000;\">Blog of\u00a0<\/span> <a href=\"http:\/\/www.acumularobjetos.wordpress.com\" target=\"_blank\" rel=\"noopener noreferrer\">Acumularobjetos <\/a><span style=\"color: #000000;\">project<\/span><\/p>\n<p><span style=\"color: #000000;\">Interview of Violeta Nicol\u00e1s in<\/span> <a href=\"https:\/\/www.lagran.eu\/mujernodo\/nerea-de-diego\" target=\"_blank\" rel=\"noopener noreferrer\">mujernodo <\/a><\/p>\n<div>\n<p style=\"text-align: left;\"><a href=\"http:\/\/www.maymore.es\/ner.html\" target=\"_blank\" rel=\"noopener noreferrer\">Galer\u00eda May Mor\u00e9. <\/a><span style=\"color: #000000;\">Madrid<\/span><\/p>\n<\/div>\n<\/div>\n<p><span style=\"color: #000000;\">\u00a0<\/span><\/p>\n<div>\n<div>\n<p style=\"text-align: left;\">\n<div><\/div>\n<\/div>\n<\/div>\n<p><\/p>","protected":false},"excerpt":{"rendered":"<p>Collective La Comunidad Blog of\u00a0 Acumularobjetos project Interview of Violeta Nicol\u00e1s in mujernodo Galer\u00eda May Mor\u00e9. Madrid \u00a0<\/p>\n","protected":false},"author":1,"featured_media":0,"parent":0,"menu_order":0,"comment_status":"closed","ping_status":"closed","template":"page-templates\/full-width.php","meta":{"ngg_post_thumbnail":0,"footnotes":""},"class_list":["post-1695","page","type-page","status-publish","hentry"],"aioseo_notices":[],"_links":{"self":[{"href":"https:\/\/www.nereadediego.com\/en\/wp-json\/wp\/v2\/pages\/1695"}],"collection":[{"href":"https:\/\/www.nereadediego.com\/en\/wp-json\/wp\/v2\/pages"}],"about":[{"href":"https:\/\/www.nereadediego.com\/en\/wp-json\/wp\/v2\/types\/page"}],"author":[{"embeddable":true,"href":"https:\/\/www.nereadediego.com\/en\/wp-json\/wp\/v2\/users\/1"}],"replies":[{"embeddable":true,"href":"https:\/\/www.nereadediego.com\/en\/wp-json\/wp\/v2\/comments?post=1695"}],"version-history":[{"count":4,"href":"https:\/\/www.nereadediego.com\/en\/wp-json\/wp\/v2\/pages\/1695\/revisions"}],"predecessor-version":[{"id":2173,"href":"https:\/\/www.nereadediego.com\/en\/wp-json\/wp\/v2\/pages\/1695\/revisions\/2173"}],"wp:attachment":[{"href":"https:\/\/www.nereadediego.com\/en\/wp-json\/wp\/v2\/media?parent=1695"}],"curies":[{"name":"wp","href":"https:\/\/api.w.org\/{rel}","templated":true}]}}